{"id":43349,"date":"2024-12-06T14:11:33","date_gmt":"2024-12-06T14:11:33","guid":{"rendered":"https:\/\/theme-dev.cmsmasters.net\/healing-vibes\/?page_id=43349"},"modified":"2025-05-09T13:56:22","modified_gmt":"2025-05-09T16:56:22","slug":"events-page","status":"publish","type":"page","link":"https:\/\/espacoprajna.com.br\/novo\/events-page\/","title":{"rendered":"Events Page"},"content":{"rendered":"\t\t<div data-elementor-type=\"wp-page\" data-elementor-id=\"43349\" class=\"elementor elementor-43349\">\n\t\t\t\t<div class=\"elementor-element elementor-element-2eeb9bf e-con-full e-flex cmsmasters-block-default e-con e-parent\" data-id=\"2eeb9bf\" data-element_type=\"container\" data-e-type=\"container\" data-settings=\"{&quot;background_background&quot;:&quot;classic&quot;}\">\n\t\t<div class=\"elementor-element elementor-element-0284609 e-flex e-con-boxed cmsmasters-bg-hide-none cmsmasters-bg-hide-none cmsmasters-block-default e-con e-child\" data-id=\"0284609\" data-element_type=\"container\" data-e-type=\"container\" data-settings=\"{&quot;background_background&quot;:&quot;classic&quot;}\">\n\t\t\t\t\t<div class=\"e-con-inner\">\n\t\t\t\t<div class=\"elementor-element elementor-element-37de063 elementor-widget__width-initial cmsmasters-block-default cmsmasters-sticky-default elementor-widget elementor-widget-heading\" data-id=\"37de063\" data-element_type=\"widget\" data-e-type=\"widget\" data-widget_type=\"heading.default\">\n\t\t\t\t<div class=\"elementor-widget-container\">\n\t\t\t\t\t<h1 class=\"elementor-heading-title elementor-size-default\">Atividades<\/h1>\t\t\t\t<\/div>\n\t\t\t\t<\/div>\n\t\t\t\t<div class=\"elementor-element elementor-element-cfce1ff elementor-widget__width-initial elementor-widget-widescreen__width-initial cmsmasters-block-default cmsmasters-sticky-default elementor-widget elementor-widget-text-editor\" data-id=\"cfce1ff\" data-element_type=\"widget\" data-e-type=\"widget\" data-widget_type=\"text-editor.default\">\n\t\t\t\t<div class=\"elementor-widget-container\">\n\t\t\t\t\t\t\t\t\t<p><span style=\"font-weight: 400;\">No Espa\u00e7o Prajna, criamos momentos especiais para quem busca conex\u00e3o e transforma\u00e7\u00e3o em grupo. S\u00e3o encontros cuidadosamente planejados, onde a sabedoria coletiva e a intui\u00e7\u00e3o se tornam ferramentas poderosas de autoconhecimento.<\/span><\/p>\t\t\t\t\t\t\t\t<\/div>\n\t\t\t\t<\/div>\n\t\t\t\t\t<\/div>\n\t\t\t\t<\/div>\n\t\t\t\t<\/div>\n\t\t<div class=\"elementor-element elementor-element-52a1acb e-con-full e-flex cmsmasters-block-default e-con e-parent\" data-id=\"52a1acb\" data-element_type=\"container\" data-e-type=\"container\">\n\t\t\t\t<div class=\"elementor-element elementor-element-d60a971 cmsmasters-block-default cmsmasters-sticky-default elementor-widget elementor-widget-heading\" data-id=\"d60a971\" data-element_type=\"widget\" data-e-type=\"widget\" data-widget_type=\"heading.default\">\n\t\t\t\t<div class=\"elementor-widget-container\">\n\t\t\t\t\t<h3 class=\"elementor-heading-title elementor-size-default\">O Que Oferecemos:<\/h3>\t\t\t\t<\/div>\n\t\t\t\t<\/div>\n\t\t\t\t<div class=\"elementor-element elementor-element-5c97d0e cmsmasters-block-default cmsmasters-sticky-default elementor-widget elementor-widget-text-editor\" data-id=\"5c97d0e\" data-element_type=\"widget\" data-e-type=\"widget\" data-widget_type=\"text-editor.default\">\n\t\t\t\t<div class=\"elementor-widget-container\">\n\t\t\t\t\t\t\t\t\t<p><span style=\"font-weight: 400;\">\u2022\u00a0<\/span><b>Encontros de Partilha<\/b><span style=\"font-weight: 400;\">\u00a0&#8211; rodas de conversa onde hist\u00f3rias se entrela\u00e7am em um espa\u00e7o seguro e sem julgamentos<\/span><span style=\"font-weight: 400;\"><br \/><\/span><span style=\"font-weight: 400;\">\u2022\u00a0<\/span><b>Pr\u00e1ticas Grupais<\/b><span style=\"font-weight: 400;\">\u00a0&#8211; viv\u00eancias que utilizam t\u00e9cnicas integrativas para trabalhar quest\u00f5es pessoais e coletivas<\/span><span style=\"font-weight: 400;\"><br \/><\/span><span style=\"font-weight: 400;\">\u2022\u00a0<\/span><b>Rituais Contempor\u00e2neos<\/b><span style=\"font-weight: 400;\">\u00a0&#8211; celebra\u00e7\u00f5es que marcam ciclos e transi\u00e7\u00f5es importantes da vida<\/span><span style=\"font-weight: 400;\"><br \/><\/span><span style=\"font-weight: 400;\">\u2022\u00a0<\/span><b>Processos Circulares<\/b><span style=\"font-weight: 400;\">\u00a0&#8211; din\u00e2micas que fortalecem a escuta ativa e o apoio m\u00fatuo<\/span><\/p>\t\t\t\t\t\t\t\t<\/div>\n\t\t\t\t<\/div>\n\t\t\t\t<div class=\"elementor-element elementor-element-9b8b4cc cmsmasters-block-default cmsmasters-sticky-default elementor-widget elementor-widget-heading\" data-id=\"9b8b4cc\" data-element_type=\"widget\" data-e-type=\"widget\" data-widget_type=\"heading.default\">\n\t\t\t\t<div class=\"elementor-widget-container\">\n\t\t\t\t\t<h3 class=\"elementor-heading-title elementor-size-default\">Como Funcionam:<\/h3>\t\t\t\t<\/div>\n\t\t\t\t<\/div>\n\t\t\t\t<div class=\"elementor-element elementor-element-ab6d4b8 cmsmasters-block-default cmsmasters-sticky-default elementor-widget elementor-widget-text-editor\" data-id=\"ab6d4b8\" data-element_type=\"widget\" data-e-type=\"widget\" data-widget_type=\"text-editor.default\">\n\t\t\t\t<div class=\"elementor-widget-container\">\n\t\t\t\t\t\t\t\t\t<ul><li><b>Ambiente acolhedor<\/b><span style=\"font-weight: 400;\"> &#8211; com elementos que estimulam os sentidos e a introspec\u00e7\u00e3o<\/span><\/li><li><b>Facilita\u00e7\u00e3o experiente<\/b><span style=\"font-weight: 400;\"> &#8211; guiando o processo com sensibilidade e t\u00e9cnica<\/span><\/li><li><b>Respeito aos ritmos<\/b><span style=\"font-weight: 400;\"> &#8211; cada participante vivencia no seu pr\u00f3prio tempo<\/span><\/li><li><b>Conex\u00e3o aut\u00eantica<\/b><span style=\"font-weight: 400;\">\u00a0&#8211; promovendo encontros significativos entre os participantes<\/span><\/li><\/ul>\t\t\t\t\t\t\t\t<\/div>\n\t\t\t\t<\/div>\n\t\t\t\t<\/div>\n\t\t<div class=\"elementor-element elementor-element-f5877d8 e-con-full e-flex cmsmasters-block-default e-con e-child\" data-id=\"f5877d8\" data-element_type=\"container\" data-e-type=\"container\" data-settings=\"{&quot;background_background&quot;:&quot;classic&quot;}\">\n\t\t\t\t<div class=\"elementor-element elementor-element-d31bf32 cmsmasters-block-default cmsmasters-sticky-default elementor-widget elementor-widget-heading\" data-id=\"d31bf32\" data-element_type=\"widget\" data-e-type=\"widget\" data-widget_type=\"heading.default\">\n\t\t\t\t<div class=\"elementor-widget-container\">\n\t\t\t\t\t<h3 class=\"elementor-heading-title elementor-size-default\">Benef\u00edcios<\/h3>\t\t\t\t<\/div>\n\t\t\t\t<\/div>\n\t\t\t\t<div class=\"elementor-element elementor-element-935cd76 cmsmasters-block-default cmsmasters-sticky-default elementor-widget elementor-widget-text-editor\" data-id=\"935cd76\" data-element_type=\"widget\" data-e-type=\"widget\" data-widget_type=\"text-editor.default\">\n\t\t\t\t<div class=\"elementor-widget-container\">\n\t\t\t\t\t\t\t\t\t<ul><li style=\"font-weight: 400;\" aria-level=\"1\"><span style=\"font-weight: 400;\">Amplia\u00e7\u00e3o da consci\u00eancia sobre padr\u00f5es pessoais<\/span><\/li><li style=\"font-weight: 400;\" aria-level=\"1\"><span style=\"font-weight: 400;\">Fortalecimento de v\u00ednculos saud\u00e1veis<\/span><\/li><li style=\"font-weight: 400;\" aria-level=\"1\"><span style=\"font-weight: 400;\">Oportunidade de express\u00e3o criativa e emocional<\/span><\/li><li style=\"font-weight: 400;\" aria-level=\"1\"><span style=\"font-weight: 400;\">Acesso a saberes ancestrais em formato contempor\u00e2neo<\/span><\/li><li style=\"font-weight: 400;\" aria-level=\"1\"><span style=\"font-weight: 400;\">Sensa\u00e7\u00e3o de pertencimento e comunidade<\/span><\/li><\/ul>\t\t\t\t\t\t\t\t<\/div>\n\t\t\t\t<\/div>\n\t\t\t\t<\/div>\n\t\t<section class=\"elementor-element elementor-element-cc0056e e-flex e-con-boxed cmsmasters-bg-hide-none cmsmasters-bg-hide-none cmsmasters-block-default e-con e-parent\" data-id=\"cc0056e\" data-element_type=\"container\" data-e-type=\"container\" data-settings=\"{&quot;background_background&quot;:&quot;classic&quot;}\">\n\t\t\t\t\t<div class=\"e-con-inner\">\n\t\t<div class=\"elementor-element elementor-element-591b447 e-con-full e-flex cmsmasters-block-default e-con e-child\" data-id=\"591b447\" data-element_type=\"container\" data-e-type=\"container\">\n\t\t<div class=\"elementor-element elementor-element-a9ce687 e-con-full e-flex cmsmasters-block-default e-con e-child\" data-id=\"a9ce687\" data-element_type=\"container\" data-e-type=\"container\">\n\t\t\t\t<div class=\"elementor-element elementor-element-c5be186 cmsmasters-widget-align-left cmsmasters-widget-direction-reverse cmsmasters-widget-layout-row cmsmasters-widget-marker-element-icon cmsmasters-widget-marker-view-default cmsmasters-block-default cmsmasters-sticky-default elementor-widget elementor-widget-cmsmasters-icon-list cmsmasters-widget-icon-list\" data-id=\"c5be186\" data-element_type=\"widget\" data-e-type=\"widget\" data-widget_type=\"cmsmasters-icon-list.default\">\n\t\t\t\t<div class=\"elementor-widget-container\">\n\t\t\t\t\t\t\t<ul class=\"cmsmasters-widget-icon-list-items\">\r\n\t\t\t\t\t\t\t<li class=\"cmsmasters-widget-icon-list-item\">\r\n\t\t\t\t\t\t\t\t<span class=\"cmsmasters-widget-icon-list-item-text-wrap\">\r\n\t\t\t\t\t\t\t\t\t\t<span class=\"cmsmasters-widget-icon-list-item-text-inner elementor-repeater-item-66cf40d\">\r\n\t\t\t\t\t\t<span class=\"cmsmasters-widget-icon-list-item-text\">\r\n\t\t\t\t\t\t\t\t\t\t\t\t\t<\/span>\r\n\t\t\t\t\t\t\t\t\t\t\t<\/span>\r\n\t\t\t\t<\/span>\r\n\t\t\t\t\t\t\t\t<\/li>\r\n\t\t\t\t\t<\/ul>\r\n\t\t\t\t\t\t<\/div>\n\t\t\t\t<\/div>\n\t\t\t\t<div class=\"elementor-element elementor-element-8dd97fc cmsmasters-block-default cmsmasters-sticky-default elementor-widget elementor-widget-heading\" data-id=\"8dd97fc\" data-element_type=\"widget\" data-e-type=\"widget\" data-widget_type=\"heading.default\">\n\t\t\t\t<div class=\"elementor-widget-container\">\n\t\t\t\t\t<h3 class=\"elementor-heading-title elementor-size-default\">Mais que eventos<\/h3>\t\t\t\t<\/div>\n\t\t\t\t<\/div>\n\t\t\t\t<div class=\"elementor-element elementor-element-b965b7e cmsmasters-block-default cmsmasters-sticky-default elementor-widget elementor-widget-text-editor\" data-id=\"b965b7e\" data-element_type=\"widget\" data-e-type=\"widget\" data-widget_type=\"text-editor.default\">\n\t\t\t\t<div class=\"elementor-widget-container\">\n\t\t\t\t\t\t\t\t\t<h5>\u00a0oferecemos experi\u00eancias transformadoras onde cada pessoa pode se reconhecer como parte de um todo maior.<\/h5>\t\t\t\t\t\t\t\t<\/div>\n\t\t\t\t<\/div>\n\t\t\t\t<\/div>\n\t\t\t\t<div class=\"elementor-element elementor-element-8fcefd7 elementor-widget__width-auto elementor-hidden-mobile cmsmasters-effect cmsmasters-effect-type-scroll elementor-view-default cmsmasters-block-default cmsmasters-sticky-default elementor-invisible elementor-widget elementor-widget-icon\" data-id=\"8fcefd7\" data-element_type=\"widget\" data-e-type=\"widget\" data-settings=\"{&quot;_animation&quot;:&quot;rotateIn&quot;,&quot;cms_scroll_effects&quot;:[&quot;rotate&quot;],&quot;cms_scroll_rotate_speed&quot;:{&quot;unit&quot;:&quot;px&quot;,&quot;size&quot;:3,&quot;sizes&quot;:[]},&quot;cms_scroll_rotate&quot;:&quot;yes&quot;,&quot;cms_scroll_rotate_direction&quot;:&quot;default&quot;,&quot;cms_scroll_rotate_timing&quot;:&quot;linear&quot;,&quot;cms_scroll_origin_y&quot;:&quot;center&quot;,&quot;cms_scroll_origin_x&quot;:&quot;center&quot;,&quot;cms_scroll_viewport&quot;:{&quot;unit&quot;:&quot;%&quot;,&quot;size&quot;:&quot;&quot;,&quot;sizes&quot;:{&quot;start&quot;:0,&quot;end&quot;:100}},&quot;cms_scroll_range&quot;:&quot;viewport&quot;,&quot;cms_scroll_devices&quot;:[&quot;desktop&quot;,&quot;tablet&quot;,&quot;mobile&quot;]}\" data-widget_type=\"icon.default\">\n\t\t\t\t<div class=\"elementor-widget-container\">\n\t\t\t\t\t\t\t<div class=\"elementor-icon-wrapper\">\n\t\t\t<div class=\"elementor-icon\">\n\t\t\t<i aria-hidden=\"true\" class=\"cmsdemo-icon- cms-demo-icon-icon-3\"><\/i>\t\t\t<\/div>\n\t\t<\/div>\n\t\t\t\t\t\t<\/div>\n\t\t\t\t<\/div>\n\t\t\t\t<\/div>\n\t\t\t\t\t<\/div>\n\t\t\t\t<\/section>\n\t\t<section class=\"elementor-element elementor-element-e86751b e-flex e-con-boxed cmsmasters-block-default e-con e-parent\" data-id=\"e86751b\" data-element_type=\"container\" data-e-type=\"container\" data-settings=\"{&quot;background_background&quot;:&quot;classic&quot;}\">\n\t\t\t\t\t<div class=\"e-con-inner\">\n\t\t<div class=\"elementor-element elementor-element-3cedb29 e-con-full e-flex cmsmasters-block-default e-con e-child\" data-id=\"3cedb29\" data-element_type=\"container\" data-e-type=\"container\">\n\t\t\t\t<\/div>\n\t\t<div class=\"elementor-element elementor-element-f0616e9 e-con-full e-flex cmsmasters-block-default e-con e-child\" data-id=\"f0616e9\" data-element_type=\"container\" data-e-type=\"container\">\n\t\t\t\t<\/div>\n\t\t\t\t\t<\/div>\n\t\t\t\t<\/section>\n\t\t\t\t<\/div>\n\t\t","protected":false},"excerpt":{"rendered":"<p>Atividades No Espa\u00e7o Prajna, criamos momentos especiais para quem busca conex\u00e3o e transforma\u00e7\u00e3o em grupo. S\u00e3o encontros cuidadosamente planejados, onde a sabedoria coletiva e a intui\u00e7\u00e3o se tornam ferramentas poderosas&#8230;<\/p>\n","protected":false},"author":1,"featured_media":0,"parent":0,"menu_order":0,"comment_status":"closed","ping_status":"closed","template":"","meta":{"_acf_changed":false,"pmpro_default_level":"","footnotes":""},"class_list":["post-43349","page","type-page","status-publish","hentry","pmpro-has-access"],"acf":[],"_links":{"self":[{"href":"https:\/\/espacoprajna.com.br\/novo\/wp-json\/wp\/v2\/pages\/43349","targetHints":{"allow":["GET"]}}],"collection":[{"href":"https:\/\/espacoprajna.com.br\/novo\/wp-json\/wp\/v2\/pages"}],"about":[{"href":"https:\/\/espacoprajna.com.br\/novo\/wp-json\/wp\/v2\/types\/page"}],"author":[{"embeddable":true,"href":"https:\/\/espacoprajna.com.br\/novo\/wp-json\/wp\/v2\/users\/1"}],"replies":[{"embeddable":true,"href":"https:\/\/espacoprajna.com.br\/novo\/wp-json\/wp\/v2\/comments?post=43349"}],"version-history":[{"count":4,"href":"https:\/\/espacoprajna.com.br\/novo\/wp-json\/wp\/v2\/pages\/43349\/revisions"}],"predecessor-version":[{"id":44699,"href":"https:\/\/espacoprajna.com.br\/novo\/wp-json\/wp\/v2\/pages\/43349\/revisions\/44699"}],"wp:attachment":[{"href":"https:\/\/espacoprajna.com.br\/novo\/wp-json\/wp\/v2\/media?parent=43349"}],"curies":[{"name":"wp","href":"https:\/\/api.w.org\/{rel}","templated":true}]}}