{"id":37139,"date":"2020-05-16T09:01:45","date_gmt":"2020-05-16T09:01:45","guid":{"rendered":"https:\/\/theme-dev.cmsmasters.net\/dentalist\/?page_id=27"},"modified":"2025-07-24T15:10:34","modified_gmt":"2025-07-24T18:10:34","slug":"contato","status":"publish","type":"page","link":"https:\/\/espacoprajna.com.br\/novo\/contato\/","title":{"rendered":"Contato"},"content":{"rendered":"\t\t<div data-elementor-type=\"wp-page\" data-elementor-id=\"37139\" class=\"elementor elementor-37139\">\n\t\t\t\t<div class=\"elementor-element elementor-element-5276c6c e-flex e-con-boxed cmsmasters-block-default e-con e-parent\" data-id=\"5276c6c\" data-element_type=\"container\" data-e-type=\"container\">\n\t\t\t\t\t<div class=\"e-con-inner\">\n\t\t\t\t<div class=\"elementor-element elementor-element-7065c4f cmsmasters-block-default cmsmasters-sticky-default elementor-widget elementor-widget-heading\" data-id=\"7065c4f\" data-element_type=\"widget\" data-e-type=\"widget\" data-widget_type=\"heading.default\">\n\t\t\t\t<div class=\"elementor-widget-container\">\n\t\t\t\t\t<h2 class=\"elementor-heading-title elementor-size-default\">Se voc\u00ea sentiu o chamado, \u00e9 porque j\u00e1 existe um caminho se abrindo.<\/h2>\t\t\t\t<\/div>\n\t\t\t\t<\/div>\n\t\t\t\t<div class=\"elementor-element elementor-element-f92138d cmsmasters-block-default cmsmasters-sticky-default elementor-widget elementor-widget-text-editor\" data-id=\"f92138d\" data-element_type=\"widget\" data-e-type=\"widget\" data-widget_type=\"text-editor.default\">\n\t\t\t\t<div class=\"elementor-widget-container\">\n\t\t\t\t\t\t\t\t\t<p data-prosemirror-content-type=\"node\" data-prosemirror-node-name=\"paragraph\" data-prosemirror-node-block=\"true\" data-pm-slice=\"1 1 []\">Este \u00e9 um espa\u00e7o de acolhimento, escuta e conex\u00e3o. Se voc\u00ea tem d\u00favidas, quer saber mais sobre nossos atendimentos, cursos ou eventos, ou simplesmente sentir se aqui \u00e9 o seu lugar, envie sua mensagem. Nossa equipe ter\u00e1 o maior cuidado em te responder com presen\u00e7a e carinho.<br \/>Estamos no bairro do Sumar\u00e9, em S\u00e3o Paulo, com portas e cora\u00e7\u00f5es abertos para te receber.<\/p>\t\t\t\t\t\t\t\t<\/div>\n\t\t\t\t<\/div>\n\t\t\t\t\t<\/div>\n\t\t\t\t<\/div>\n\t\t<div class=\"elementor-element elementor-element-c2e80ea e-flex e-con-boxed cmsmasters-block-default e-con e-parent\" data-id=\"c2e80ea\" data-element_type=\"container\" data-e-type=\"container\">\n\t\t\t\t\t<div class=\"e-con-inner\">\n\t\t<div class=\"elementor-element elementor-element-ce919db e-con-full e-flex cmsmasters-block-default e-con e-child\" data-id=\"ce919db\" data-element_type=\"container\" data-e-type=\"container\">\n\t\t\t\t<div class=\"elementor-element elementor-element-95192f3 cmsmasters-block-default cmsmasters-sticky-default elementor-widget elementor-widget-image\" data-id=\"95192f3\" data-element_type=\"widget\" data-e-type=\"widget\" data-widget_type=\"image.default\">\n\t\t\t\t<div class=\"elementor-widget-container\">\n\t\t\t\t\t\t\t\t\t\t\t\t\t\t\t<img fetchpriority=\"high\" decoding=\"async\" width=\"1180\" height=\"1561\" src=\"https:\/\/espacoprajna.com.br\/novo\/wp-content\/uploads\/2024\/11\/53-appointment.webp\" class=\"attachment-full size-full wp-image-40926\" alt=\"\" srcset=\"https:\/\/espacoprajna.com.br\/novo\/wp-content\/uploads\/2024\/11\/53-appointment.webp 1180w, https:\/\/espacoprajna.com.br\/novo\/wp-content\/uploads\/2024\/11\/53-appointment-600x794.webp 600w, https:\/\/espacoprajna.com.br\/novo\/wp-content\/uploads\/2024\/11\/53-appointment-227x300.webp 227w, https:\/\/espacoprajna.com.br\/novo\/wp-content\/uploads\/2024\/11\/53-appointment-774x1024.webp 774w, https:\/\/espacoprajna.com.br\/novo\/wp-content\/uploads\/2024\/11\/53-appointment-768x1016.webp 768w, https:\/\/espacoprajna.com.br\/novo\/wp-content\/uploads\/2024\/11\/53-appointment-1161x1536.webp 1161w, https:\/\/espacoprajna.com.br\/novo\/wp-content\/uploads\/2024\/11\/53-appointment-30x40.webp 30w, https:\/\/espacoprajna.com.br\/novo\/wp-content\/uploads\/2024\/11\/53-appointment-8x10.webp 8w\" sizes=\"(max-width: 1180px) 100vw, 1180px\" \/>\t\t\t\t\t\t\t\t\t\t\t\t\t\t\t<\/div>\n\t\t\t\t<\/div>\n\t\t\t\t<\/div>\n\t\t<div class=\"elementor-element elementor-element-67a7d67 e-con-full e-flex cmsmasters-block-default e-con e-child\" data-id=\"67a7d67\" data-element_type=\"container\" data-e-type=\"container\">\n\t\t\t\t<div class=\"elementor-element elementor-element-8b960af cmsmasters-block-default cmsmasters-sticky-default elementor-widget elementor-widget-heading\" data-id=\"8b960af\" data-element_type=\"widget\" data-e-type=\"widget\" data-widget_type=\"heading.default\">\n\t\t\t\t<div class=\"elementor-widget-container\">\n\t\t\t\t\t<h2 class=\"elementor-heading-title elementor-size-default\">Vamos Conversar<\/h2>\t\t\t\t<\/div>\n\t\t\t\t<\/div>\n\t\t\t\t<div class=\"elementor-element elementor-element-652a7a1 cmsmasters-block-default cmsmasters-sticky-default elementor-widget elementor-widget-heading\" data-id=\"652a7a1\" data-element_type=\"widget\" data-e-type=\"widget\" data-widget_type=\"heading.default\">\n\t\t\t\t<div class=\"elementor-widget-container\">\n\t\t\t\t\t<h6 class=\"elementor-heading-title elementor-size-default\"> Estamos Aqui Por Voc\u00ea<\/h6>\t\t\t\t<\/div>\n\t\t\t\t<\/div>\n\t\t\t\t<div class=\"elementor-element elementor-element-4cd8c1e cmsmasters-block-default cmsmasters-sticky-default elementor-widget elementor-widget-cmsmasters-forminator\" data-id=\"4cd8c1e\" data-element_type=\"widget\" data-e-type=\"widget\" data-settings=\"{&quot;form_list&quot;:&quot;57&quot;}\" data-widget_type=\"cmsmasters-forminator.default\">\n\t\t\t\t<div class=\"elementor-widget-container\">\n\t\t\t\t\t<div class=\"elementor-widget-cmsmasters-contact-form__wrapper elementor-widget-cmsmasters-contact-form cmsmasters-default-color cmsmasters-default-font\" id=\"cmsmasters-widget-form-4cd8c1e\">\n\t\t\t<div class=\"elementor-widget-cmsmasters-contact-form__inner\"><div class=\"forminator-ui forminator-custom-form forminator-custom-form-57 forminator-design--default forminator-custom forminator_ajax\" data-forminator-render=\"0\" data-form=\"forminator-module-57\" data-uid=\"69ea7a7f64980\"><br\/><\/div><form\n\t\t\t\tid=\"forminator-module-57\"\n\t\t\t\tclass=\"forminator-ui forminator-custom-form forminator-custom-form-57 forminator-design--default forminator-custom forminator_ajax\"\n\t\t\t\tmethod=\"post\"\n\t\t\t\tdata-forminator-render=\"0\"\n\t\t\t\tdata-form-id=\"57\"\n\t\t\t\t data-color-option=\"default\" data-design=\"default\" data-grid=\"custom\" style=\"display: none;\"\n\t\t\t\tdata-uid=\"69ea7a7f64980\"\n\t\t\t><div role=\"alert\" aria-live=\"polite\" class=\"forminator-response-message forminator-error\" aria-hidden=\"true\"><\/div><div class=\"forminator-row\"><div id=\"name-1\" class=\"forminator-field-name forminator-col forminator-col-12 \"><div class=\"forminator-field\"><label for=\"forminator-field-name-1_69ea7a7f64980\" id=\"forminator-field-name-1_69ea7a7f64980-label\" class=\"forminator-label\">Nome <span class=\"forminator-required\">*<\/span><\/label><input type=\"text\" name=\"name-1\" value=\"\" placeholder=\"Insira seu nome completo\" id=\"forminator-field-name-1_69ea7a7f64980\" class=\"forminator-input forminator-name--field\" aria-required=\"true\" autocomplete=\"name\" \/><\/div><\/div><\/div><div class=\"forminator-row\"><div id=\"phone-1\" class=\"forminator-field-phone forminator-col forminator-col-12 \"><div class=\"forminator-field\"><label for=\"forminator-field-phone-1_69ea7a7f64980\" id=\"forminator-field-phone-1_69ea7a7f64980-label\" class=\"forminator-label\">Whatsapp <span class=\"forminator-required\">*<\/span><\/label><input type=\"text\" name=\"phone-1\" value=\"\" placeholder=\"(**)*****-****\" id=\"forminator-field-phone-1_69ea7a7f64980\" class=\"forminator-input forminator-field--phone\" data-required=\"1\" aria-required=\"true\" autocomplete=\"off\" \/><\/div><\/div><\/div><div class=\"forminator-row\"><div id=\"email-1\" class=\"forminator-field-email forminator-col forminator-col-12 \"><div class=\"forminator-field\"><label for=\"forminator-field-email-1_69ea7a7f64980\" id=\"forminator-field-email-1_69ea7a7f64980-label\" class=\"forminator-label\">E-Mail <span class=\"forminator-required\">*<\/span><\/label><input type=\"email\" name=\"email-1\" value=\"\" placeholder=\"exemplo@email.com.br\" id=\"forminator-field-email-1_69ea7a7f64980\" class=\"forminator-input forminator-email--field\" data-required=\"1\" aria-required=\"true\" autocomplete=\"email\" \/><\/div><\/div><\/div><div class=\"forminator-row\"><div id=\"textarea-1\" class=\"forminator-field-textarea forminator-col forminator-col-12 \"><div class=\"forminator-field\"><label for=\"forminator-field-textarea-1_69ea7a7f64980\" id=\"forminator-field-textarea-1_69ea7a7f64980-label\" class=\"forminator-label\">Como podemos ajudar? <span class=\"forminator-required\">*<\/span><\/label><textarea name=\"textarea-1\" placeholder=\"Descreva como podemos te ajudar\" id=\"forminator-field-textarea-1_69ea7a7f64980\" class=\"forminator-textarea\" rows=\"6\" style=\"--forminator-textarea-min-height:140px;\" ><\/textarea><\/div><\/div><\/div><input type=\"hidden\" name=\"referer_url\" value=\"\" \/><div class=\"forminator-row forminator-row-last\"><div class=\"forminator-col\"><div class=\"forminator-field\"><button class=\"forminator-button forminator-button-submit\">Enviar<\/button><\/div><\/div><\/div><input type=\"hidden\" id=\"forminator_nonce\" name=\"forminator_nonce\" value=\"5c60467522\" \/><input type=\"hidden\" name=\"_wp_http_referer\" value=\"\/novo\/wp-json\/wp\/v2\/pages\/37139\" \/><input type=\"hidden\" name=\"form_id\" value=\"57\"><input type=\"hidden\" name=\"page_id\" value=\"37139\"><input type=\"hidden\" name=\"form_type\" value=\"default\"><input type=\"hidden\" name=\"current_url\" value=\"https:\/\/espacoprajna.com.br\/novo\/contato\/\"><input type=\"hidden\" name=\"render_id\" value=\"0\"><input type=\"hidden\" name=\"action\" value=\"forminator_submit_form_custom-forms\"><\/form><\/div>\n\t\t<\/div>\t\t\t\t<\/div>\n\t\t\t\t<\/div>\n\t\t\t\t<\/div>\n\t\t\t\t\t<\/div>\n\t\t\t\t<\/div>\n\t\t<div class=\"elementor-element elementor-element-a73d6f2 e-flex e-con-boxed cmsmasters-block-default e-con e-parent\" data-id=\"a73d6f2\" data-element_type=\"container\" data-e-type=\"container\">\n\t\t\t\t\t<div class=\"e-con-inner\">\n\t\t\t\t<div class=\"elementor-element elementor-element-6c68646 cmsmasters-block-default cmsmasters-sticky-default elementor-widget elementor-widget-heading\" data-id=\"6c68646\" data-element_type=\"widget\" data-e-type=\"widget\" data-widget_type=\"heading.default\">\n\t\t\t\t<div class=\"elementor-widget-container\">\n\t\t\t\t\t<h2 class=\"elementor-heading-title elementor-size-default\">Como chegar<\/h2>\t\t\t\t<\/div>\n\t\t\t\t<\/div>\n\t\t\t\t<div class=\"elementor-element elementor-element-922354f cmsmasters-block-default cmsmasters-sticky-default elementor-widget elementor-widget-google_maps\" data-id=\"922354f\" data-element_type=\"widget\" data-e-type=\"widget\" data-widget_type=\"google_maps.default\">\n\t\t\t\t<div class=\"elementor-widget-container\">\n\t\t\t\t\t\t\t<div class=\"elementor-custom-embed\">\n\t\t\t<iframe loading=\"lazy\"\n\t\t\t\t\tsrc=\"https:\/\/maps.google.com\/maps?q=Rua%20Alegrete%2C%20n%C2%BA%2038%20-%20Sumar%C3%A9%20S%C3%A3o%20Paulo%2FSP&#038;t=m&#038;z=10&#038;output=embed&#038;iwloc=near\"\n\t\t\t\t\ttitle=\"Rua Alegrete, n\u00ba 38 - Sumar\u00e9 S\u00e3o Paulo\/SP\"\n\t\t\t\t\taria-label=\"Rua Alegrete, n\u00ba 38 - Sumar\u00e9 S\u00e3o Paulo\/SP\"\n\t\t\t><\/iframe>\n\t\t<\/div>\n\t\t\t\t\t\t<\/div>\n\t\t\t\t<\/div>\n\t\t\t\t\t<\/div>\n\t\t\t\t<\/div>\n\t\t\t\t<\/div>\n\t\t","protected":false},"excerpt":{"rendered":"<p>Se voc\u00ea sentiu o chamado, \u00e9 porque j\u00e1 existe um caminho se abrindo. Este \u00e9 um espa\u00e7o de acolhimento, escuta e conex\u00e3o. Se voc\u00ea tem d\u00favidas, quer saber mais sobre&#8230;<\/p>\n","protected":false},"author":1,"featured_media":0,"parent":0,"menu_order":0,"comment_status":"closed","ping_status":"closed","template":"","meta":{"_acf_changed":false,"pmpro_default_level":"","footnotes":""},"class_list":["post-37139","page","type-page","status-publish","hentry","pmpro-has-access"],"acf":[],"_links":{"self":[{"href":"https:\/\/espacoprajna.com.br\/novo\/wp-json\/wp\/v2\/pages\/37139","targetHints":{"allow":["GET"]}}],"collection":[{"href":"https:\/\/espacoprajna.com.br\/novo\/wp-json\/wp\/v2\/pages"}],"about":[{"href":"https:\/\/espacoprajna.com.br\/novo\/wp-json\/wp\/v2\/types\/page"}],"author":[{"embeddable":true,"href":"https:\/\/espacoprajna.com.br\/novo\/wp-json\/wp\/v2\/users\/1"}],"replies":[{"embeddable":true,"href":"https:\/\/espacoprajna.com.br\/novo\/wp-json\/wp\/v2\/comments?post=37139"}],"version-history":[{"count":18,"href":"https:\/\/espacoprajna.com.br\/novo\/wp-json\/wp\/v2\/pages\/37139\/revisions"}],"predecessor-version":[{"id":45724,"href":"https:\/\/espacoprajna.com.br\/novo\/wp-json\/wp\/v2\/pages\/37139\/revisions\/45724"}],"wp:attachment":[{"href":"https:\/\/espacoprajna.com.br\/novo\/wp-json\/wp\/v2\/media?parent=37139"}],"curies":[{"name":"wp","href":"https:\/\/api.w.org\/{rel}","templated":true}]}}